{"id":79,"date":"2017-07-01T18:51:00","date_gmt":"2017-07-01T18:51:00","guid":{"rendered":"http:\/\/themesvila.com\/themes-wp\/bornomala\/?page_id=79"},"modified":"2017-07-01T18:51:00","modified_gmt":"2017-07-01T18:51:00","slug":"service","status":"publish","type":"page","link":"https:\/\/skrivifag.dk\/index.php\/service\/","title":{"rendered":"Service"},"content":{"rendered":"<p><section class=\"kc-elm kc-css-937643 kc_row\"><div class=\"kc-row-container\"><div class=\"kc-wrap-columns\"><div class=\"kc-elm kc-css-757081 kc_col-sm-12 kc_column kc_col-sm-12\"><div class=\"kc-col-container\">\n\t<!-- START ACTIVITES  -->\n\t<section class=\"our_activites\">\n\t\t<div class=\"container\">\n\t\t\t<div class=\"row text-center\">\n\t\t\t\t<div class=\"section-title wow zoomIn\">\n\t\t\t\t\t<h2>Our Activities<\/h2>\n\t\t\t\t\t<span><\/span>\n\t\t\t\t\t<p>Lorem ipsum dolor sit amet consectetur adipisicing elitsed eiusmod tempor enim minim veniam quis notru<br> exercit ation Lorem ipsum dolor sit amet.Veniam quis notru exercit.<\/p>\n\t\t\t\t<\/div>\n\t\t\t\t\n\t\t\t\t\t\t\t\t\t\t<div class=\"col-md-4 col-sm-4 col-xs-12\">\n\t\t\t\t\t\t\t<div class=\"single_activites\" style=\"background-color: #26547c;\">\n\t\t\t\t\t\t\t\t<i class=\"fa-trash\"><\/i>\n\t\t\t\t\t\t\t\t<h4>Affaldets vej<\/h4>\n\t\t\t\t\t\t\t\t<p><p><span style=\"font-weight: 400;\">Forl\u00f8bets form\u00e5l er at unders\u00f8ge og sortere affald for at opn\u00e5 forst\u00e5else for h\u00e5ndtering og bortskaffelse af affald. Eleverne skal afslutningsvis skrive en bog om deres viden og pr\u00e6senterer den for en defineret modtagergruppe. <a href=\"https:\/\/drive.google.com\/file\/d\/1tqZapxxV0BTmc12P9H0Ilnu6YixJw6E3\/view?usp=sharing\">Download forl\u00f8b<\/a><\/span><\/p>\n<\/p>\n\t\t\t\t\t\t\t<\/div>\n\t\t\t\t\t\t<\/div><!--END COL -->\t\t\t\t\t\t\n\t\t\t\t\t\t\t\t\t\t\t\t<div class=\"col-md-4 col-sm-4 col-xs-12\">\n\t\t\t\t\t\t\t<div class=\"single_activites\" style=\"background-color: #c04a2b;\">\n\t\t\t\t\t\t\t\t<i class=\"fa-laptop\"><\/i>\n\t\t\t\t\t\t\t\t<h4>Programmering og remix<\/h4>\n\t\t\t\t\t\t\t\t<p><p><span style=\"font-weight: 400;\">Forl\u00f8bets form\u00e5l er at introducere eleverne til programmering via enkle analoge \u00f8velser og remix af et eksisterende spil.\u00a0\u00a0<\/span><span style=\"font-weight: 400;\">Eleverne skal pr\u00e6sentere deres spil og skrive en bog om programmering for en defineret modtagergruppe. <a href=\"https:\/\/drive.google.com\/file\/d\/1vCS-iZcjQAv9c38OrQyTyNVpM5szEL0T\/view?usp=sharing\">Download forl\u00f8b<\/a><\/span><\/p>\n<\/p>\n\t\t\t\t\t\t\t<\/div>\n\t\t\t\t\t\t<\/div><!--END COL -->\t\t\t\t\t\t\n\t\t\t\t\t\t\t\t\t\t\t\t<div class=\"col-md-4 col-sm-4 col-xs-12\">\n\t\t\t\t\t\t\t<div class=\"single_activites\" style=\"background-color: #245b25;\">\n\t\t\t\t\t\t\t\t<i class=\"fa-tint\"><\/i>\n\t\t\t\t\t\t\t\t<h4>Livet i vandhul og vandl\u00f8b<\/h4>\n\t\t\t\t\t\t\t\t<p><p><span style=\"font-weight: 400;\">Forl\u00f8bets form\u00e5l er at unders\u00f8ge et vandl\u00f8bs\/-vandhuls dyreliv og diversitet, som afs\u00e6t for en vurdering af vandkvaliteten. Eleverne skal v\u00e6lge et vanddyr og skrive en bog om deres erhvervede viden for en defineret modtagergruppe. <a href=\"https:\/\/drive.google.com\/file\/d\/1ozQ96c168eWPRb5fMeZn1pGLfrfa4Epv\/view?usp=sharing\">Download forl\u00f8b<\/a><\/span><\/p>\n<\/p>\n\t\t\t\t\t\t\t<\/div>\n\t\t\t\t\t\t<\/div><!--END COL -->\t\t\t\t\t\t\n\t\t\t\t\t\t\t\t\t\t\t\t<div class=\"col-md-4 col-sm-4 col-xs-12\">\n\t\t\t\t\t\t\t<div class=\"single_activites\" style=\"background-color: #00d8ff;\">\n\t\t\t\t\t\t\t\t<i class=\"fa fa-life-bouy\"><\/i>\n\t\t\t\t\t\t\t\t<h4>class<\/h4>\n\t\t\t\t\t\t\t\t<p><p>Lorem Ipsum is simply dummy text of the printing and typesetting industry. Lorem Ipsum has been the industry&#8217;s standard dummy text ever.<\/p>\n<\/p>\n\t\t\t\t\t\t\t<\/div>\n\t\t\t\t\t\t<\/div><!--END COL -->\t\t\t\t\t\t\n\t\t\t\t\t\t\t\t\t\t\t\t<div class=\"col-md-4 col-sm-4 col-xs-12\">\n\t\t\t\t\t\t\t<div class=\"single_activites\" style=\"background-color: #05f3b3;\">\n\t\t\t\t\t\t\t\t<i class=\"fa fa-briefcase\"><\/i>\n\t\t\t\t\t\t\t\t<h4>food<\/h4>\n\t\t\t\t\t\t\t\t<p><p>Lorem Ipsum is simply dummy text of the printing and typesetting industry. Lorem Ipsum has been the industry&#8217;s standard dummy text ever.<\/p>\n<\/p>\n\t\t\t\t\t\t\t<\/div>\n\t\t\t\t\t\t<\/div><!--END COL -->\t\t\t\t\t\t\n\t\t\t\t\t\t\t\t\t\t\t\t<div class=\"col-md-4 col-sm-4 col-xs-12\">\n\t\t\t\t\t\t\t<div class=\"single_activites\" style=\"background-color: #9600ff;\">\n\t\t\t\t\t\t\t\t<i class=\"fa fa-camera-retro\"><\/i>\n\t\t\t\t\t\t\t\t<h4>language<\/h4>\n\t\t\t\t\t\t\t\t<p><p>Lorem Ipsum is simply dummy text of the printing and typesetting industry. Lorem Ipsum has been the industry&#8217;s standard dummy text ever.<\/p>\n<\/p>\n\t\t\t\t\t\t\t<\/div>\n\t\t\t\t\t\t<\/div><!--END COL -->\t\t\t\t\t\t\n\t\t\t\t\t\t\t\t\n\t\t\t\t\n\n\t\t\t\t\n\t\t\t\n\t\t\t<\/div><!--END  ROW -->\n\t\t<\/div><!-- END CONTAINER -->\n\t<\/section>\n\t<!-- END ACTIVITES-->\t\t\t\n\t\t\n<\/div><\/div><\/div><\/div><\/section><section class=\"kc-elm kc-css-727306 kc_row\"><div class=\"kc-row-container\"><div class=\"kc-wrap-columns\"><div class=\"kc-elm kc-css-151455 kc_col-sm-12 kc_column kc_col-sm-12\"><div class=\"kc-col-container\">\n<!-- START PRICING TABLE  -->\n<section id=\"price\" class=\"pricing_table section-padding\">\n\t<div class=\"container\">\n\t\t<div class=\"row text-center\">\n\t\t\t<div class=\"section-title\">\n\t\t\t\t<h2>Pricing Plan<\/h2>\n\t\t\t\t<span><\/span>\n\t\t\t<\/div>\n\n\t\t\t\t\t\t\t\t\t\n\t\t\t\t\t\t<div class=\"col-sm-4 col-md-4\">\t\t\t\t   \n\t\t\t\t\t\t   <div class=\"plan  first\">\n\t\t\t\t\t\t\t  <div class=\"head head_color_one\"><h3>Day Care<\/h3><\/div> \n\t\t\t\t\t\t\t  <div class=\"price\">\n\t\t\t\t\t\t\t\t<h3><span class=\"symbol\">$<\/span>19<\/h3>\n\t\t\t\t\t\t\t\t<h4>per month<\/h4>\n\t\t\t\t\t\t\t  <\/div>\t\t\t\t\t\t  \n\t\t\t\t\t\t\t  <ul class=\"item-list\">\n\t\t\t\t\t\t\t\t\t\t\t\t\t\t\t\t\t\n\t\t\t\t\t\t\t\t\t\t\t<li>Meal<\/li>\n\t\t\t\t\t\t\t\t\t\t\t\t\t\t\t\t\t\t\t\n\t\t\t\t\t\t\t\t\t\t\t\t\t\t\t\t\t\t\t\n\t\t\t\t\t\t\t\t\t\t\t<li>Snack<\/li>\n\t\t\t\t\t\t\t\t\t\t\t\t\t\t\t\t\t\t\t\n\t\t\t\t\t\t\t\t\t\t\t\t\t\t\t\t\t\t\t\n\t\t\t\t\t\t\t\t\t\t\t<li>Games<\/li>\n\t\t\t\t\t\t\t\t\t\t\t\t\t\t\t\t\t\t\t\n\t\t\t\t\t\t\t\t\t\t\t\t\t\t\t\t\t\t\t\n\t\t\t\t\t\t\t\t\t\t\t<li>Course<\/li>\n\t\t\t\t\t\t\t\t\t\t\t\t\t\t\t\t\t\t\t\n\t\t\t\t\t\t\t\t\t\t\t\t\t\t\t\t\t\t\n\t\t\t\t\t\t\t  <\/ul>\n\t\t\t\t\t\t\t <a class=\"btn btn-light-bg\" href=\"#\">Order Now<\/a>\n\t\t\t\t\t\t   <\/div>\t\t\t\t\t \t\t\t\t\t\n\t\t\t\t\t\t<\/div><!--- END COL --> \n \t\t\t\t\t\t\n\t\t\t\t\t\t\t\t\t\t\t\t\n\t\t\t\t\t\t<div class=\"col-sm-4 col-md-4\">\t\t\t\t   \n\t\t\t\t\t\t   <div class=\"plan  first\">\n\t\t\t\t\t\t\t  <div class=\"head head_color_two\"><h3>Pre-School<\/h3><\/div> \n\t\t\t\t\t\t\t  <div class=\"price\">\n\t\t\t\t\t\t\t\t<h3><span class=\"symbol\">$<\/span>49<\/h3>\n\t\t\t\t\t\t\t\t<h4>per month<\/h4>\n\t\t\t\t\t\t\t  <\/div>\t\t\t\t\t\t  \n\t\t\t\t\t\t\t  <ul class=\"item-list\">\n\t\t\t\t\t\t\t\t\t\t\t\t\t\t\t\t\t\n\t\t\t\t\t\t\t\t\t\t\t<li>Meal<\/li>\n\t\t\t\t\t\t\t\t\t\t\t\t\t\t\t\t\t\t\t\n\t\t\t\t\t\t\t\t\t\t\t\t\t\t\t\t\t\t\t\n\t\t\t\t\t\t\t\t\t\t\t<li>Snack<\/li>\n\t\t\t\t\t\t\t\t\t\t\t\t\t\t\t\t\t\t\t\n\t\t\t\t\t\t\t\t\t\t\t\t\t\t\t\t\t\t\t\n\t\t\t\t\t\t\t\t\t\t\t<li>Games<\/li>\n\t\t\t\t\t\t\t\t\t\t\t\t\t\t\t\t\t\t\t\n\t\t\t\t\t\t\t\t\t\t\t\t\t\t\t\t\t\t\t\n\t\t\t\t\t\t\t\t\t\t\t<li>Course<\/li>\n\t\t\t\t\t\t\t\t\t\t\t\t\t\t\t\t\t\t\t\n\t\t\t\t\t\t\t\t\t\t\t\t\t\t\t\t\t\t\n\t\t\t\t\t\t\t  <\/ul>\n\t\t\t\t\t\t\t <a class=\"btn btn-light-bg\" href=\"#\">Order Now<\/a>\n\t\t\t\t\t\t   <\/div>\t\t\t\t\t \t\t\t\t\t\n\t\t\t\t\t\t<\/div><!--- END COL --> \n \t\t\t\t\t\t\n\t\t\t\t\t\t\t\t\t\t\t\t\n\t\t\t\t\t\t<div class=\"col-sm-4 col-md-4\">\t\t\t\t   \n\t\t\t\t\t\t   <div class=\"plan  first\">\n\t\t\t\t\t\t\t  <div class=\"head head_color_one\"><h3>Kindergarten<\/h3><\/div> \n\t\t\t\t\t\t\t  <div class=\"price\">\n\t\t\t\t\t\t\t\t<h3><span class=\"symbol\">$<\/span>79<\/h3>\n\t\t\t\t\t\t\t\t<h4>per month<\/h4>\n\t\t\t\t\t\t\t  <\/div>\t\t\t\t\t\t  \n\t\t\t\t\t\t\t  <ul class=\"item-list\">\n\t\t\t\t\t\t\t\t\t\t\t\t\t\t\t\t\t\n\t\t\t\t\t\t\t\t\t\t\t<li>Meal<\/li>\n\t\t\t\t\t\t\t\t\t\t\t\t\t\t\t\t\t\t\t\n\t\t\t\t\t\t\t\t\t\t\t\t\t\t\t\t\t\t\t\n\t\t\t\t\t\t\t\t\t\t\t<li>Snack<\/li>\n\t\t\t\t\t\t\t\t\t\t\t\t\t\t\t\t\t\t\t\n\t\t\t\t\t\t\t\t\t\t\t\t\t\t\t\t\t\t\t\n\t\t\t\t\t\t\t\t\t\t\t<li>Games<\/li>\n\t\t\t\t\t\t\t\t\t\t\t\t\t\t\t\t\t\t\t\n\t\t\t\t\t\t\t\t\t\t\t\t\t\t\t\t\t\t\t\n\t\t\t\t\t\t\t\t\t\t\t<li>Course<\/li>\n\t\t\t\t\t\t\t\t\t\t\t\t\t\t\t\t\t\t\t\n\t\t\t\t\t\t\t\t\t\t\t\t\t\t\t\t\t\t\n\t\t\t\t\t\t\t  <\/ul>\n\t\t\t\t\t\t\t <a class=\"btn btn-light-bg\" href=\"#\">Order Now<\/a>\n\t\t\t\t\t\t   <\/div>\t\t\t\t\t \t\t\t\t\t\n\t\t\t\t\t\t<\/div><!--- END COL --> \n \t\t\t\t\t\t\n\t\t\t\t\t\t\t\t\t\n\t\t\t\n\t\t\t\n\t\t<\/div><!--END  ROW  -->\n\t<\/div><!-- END CONTAINER  -->\n<\/section>\n<!-- END PRICING TABLE  -->\n\t\t\n<\/div><\/div><\/div><\/div><\/section><section class=\"kc-elm kc-css-221012 kc_row\"><div class=\"kc-row-container\"><div class=\"kc-wrap-columns\"><div class=\"kc-elm kc-css-185553 kc_col-sm-12 kc_column kc_col-sm-12\"><div class=\"kc-col-container\">\n\t\t\n<!-- START CLASS -->\n<section class=\"our_class section-padding\">\n\t<div class=\"container\">\t\t\n\t\t<div class=\"row\">\n\t\t\t<div class=\"section-title text-center\">\n\t\t\t\t<h2>Our Class<\/h2>\n\t\t\t\t<span><\/span>\n\t\t\t\t<p>Lorem ipsum dolor sit amet consectetur adipisicing elitsed eiusmod tempor enim minim veniam quis notru exercit ation Lorem ipsum dolor sit amet.Veniam quis notru exercit.<\/p>\n\t\t\t<\/div>\t\n\t\t\t\t\t\t\t\t\t\n\t\t\t\t\t\t<div class=\"col-md-4 col-sm-4 col-xs-12 wow fadeInLeft\" data-wow-duration=\"1s\" data-wow-delay=\"0.1s\" data-wow-offset=\"0\">\n\t\t\t\t\t\t\t<div class=\"single-blog\">\n\t\t\t\t\t\t\t\t<div class=\"single-img\">\n\t\t\t\t\t\t\t\t\t<img decoding=\"async\" class=\"img-responsive\" src=\"<br \/>\n<b>Warning<\/b>:  Trying to access array offset on null in <b>\/var\/www\/skrivifag.dk\/public_html\/wp-content\/plugins\/bornomala-plugin\/inc\/shortcodes.php<\/b> on line <b>613<\/b><br \/>\n\"\/>\n\t\t\t\t\t\t\t\t\t<div class=\"post-date\">\n\t\t\t\t\t\t\t\t\t\t<a href=\"https:\/\/skrivifag.dk\/index.php\/class\/little-lamps\/\"><h4><strong>Little Lamps<\/strong><br> Years Old<br>4-5<\/h4><\/a>\n\t\t\t\t\t\t\t\t\t<\/div>\t\t\t\t\t\t\t\t\t\n\t\t\t\t\t\t\t\t<\/div>\t\n\t\t\t\t\t\t\t<\/div>\n\t\t\t\t\t\t<\/div><!-- END COL -->\t\t\n\t\t\t\t\t\t\n\t\t\t\t\t\t\t\t\t\t\t\t\n\t\t\t\t\t\t<div class=\"col-md-4 col-sm-4 col-xs-12 wow fadeInLeft\" data-wow-duration=\"1s\" data-wow-delay=\"0.1s\" data-wow-offset=\"0\">\n\t\t\t\t\t\t\t<div class=\"single-blog\">\n\t\t\t\t\t\t\t\t<div class=\"single-img\">\n\t\t\t\t\t\t\t\t\t<img decoding=\"async\" class=\"img-responsive\" src=\"<br \/>\n<b>Warning<\/b>:  Trying to access array offset on null in <b>\/var\/www\/skrivifag.dk\/public_html\/wp-content\/plugins\/bornomala-plugin\/inc\/shortcodes.php<\/b> on line <b>613<\/b><br \/>\n\"\/>\n\t\t\t\t\t\t\t\t\t<div class=\"post-date\">\n\t\t\t\t\t\t\t\t\t\t<a href=\"https:\/\/skrivifag.dk\/index.php\/class\/creative-kids\/\"><h4><strong>Creative kids<\/strong><br> Years Old<br>5-6<\/h4><\/a>\n\t\t\t\t\t\t\t\t\t<\/div>\t\t\t\t\t\t\t\t\t\n\t\t\t\t\t\t\t\t<\/div>\t\n\t\t\t\t\t\t\t<\/div>\n\t\t\t\t\t\t<\/div><!-- END COL -->\t\t\n\t\t\t\t\t\t\n\t\t\t\t\t\t\t\t\t\t\t\t\n\t\t\t\t\t\t<div class=\"col-md-4 col-sm-4 col-xs-12 wow fadeInLeft\" data-wow-duration=\"1s\" data-wow-delay=\"0.1s\" data-wow-offset=\"0\">\n\t\t\t\t\t\t\t<div class=\"single-blog\">\n\t\t\t\t\t\t\t\t<div class=\"single-img\">\n\t\t\t\t\t\t\t\t\t<img decoding=\"async\" class=\"img-responsive\" src=\"<br \/>\n<b>Warning<\/b>:  Trying to access array offset on null in <b>\/var\/www\/skrivifag.dk\/public_html\/wp-content\/plugins\/bornomala-plugin\/inc\/shortcodes.php<\/b> on line <b>613<\/b><br \/>\n\"\/>\n\t\t\t\t\t\t\t\t\t<div class=\"post-date\">\n\t\t\t\t\t\t\t\t\t\t<a href=\"https:\/\/skrivifag.dk\/index.php\/class\/master-kids\/\"><h4><strong>Master kids<\/strong><br> Years Old<br>4-5<\/h4><\/a>\n\t\t\t\t\t\t\t\t\t<\/div>\t\t\t\t\t\t\t\t\t\n\t\t\t\t\t\t\t\t<\/div>\t\n\t\t\t\t\t\t\t<\/div>\n\t\t\t\t\t\t<\/div><!-- END COL -->\t\t\n\t\t\t\t\t\t\n\t\t\t\t\t\t\t\t\t\n\t\t\t\n\t\t<\/div><!-- END ROW -->\n\t<\/div><!-- END CONTAINER -->\n<\/section>\n<!-- END CLASS -->\n\t\t\n<\/div><\/div><\/div><\/div><\/section><\/p>\n","protected":false},"excerpt":{"rendered":"","protected":false},"author":1,"featured_media":0,"parent":0,"menu_order":0,"comment_status":"closed","ping_status":"closed","template":"kc-template.php","meta":{"footnotes":""},"class_list":["post-79","page","type-page","status-publish","hentry"],"_links":{"self":[{"href":"https:\/\/skrivifag.dk\/index.php\/wp-json\/wp\/v2\/pages\/79","targetHints":{"allow":["GET"]}}],"collection":[{"href":"https:\/\/skrivifag.dk\/index.php\/wp-json\/wp\/v2\/pages"}],"about":[{"href":"https:\/\/skrivifag.dk\/index.php\/wp-json\/wp\/v2\/types\/page"}],"author":[{"embeddable":true,"href":"https:\/\/skrivifag.dk\/index.php\/wp-json\/wp\/v2\/users\/1"}],"replies":[{"embeddable":true,"href":"https:\/\/skrivifag.dk\/index.php\/wp-json\/wp\/v2\/comments?post=79"}],"version-history":[{"count":0,"href":"https:\/\/skrivifag.dk\/index.php\/wp-json\/wp\/v2\/pages\/79\/revisions"}],"wp:attachment":[{"href":"https:\/\/skrivifag.dk\/index.php\/wp-json\/wp\/v2\/media?parent=79"}],"curies":[{"name":"wp","href":"https:\/\/api.w.org\/{rel}","templated":true}]}}